{"id":3139,"date":"2020-04-17T16:47:28","date_gmt":"2020-04-17T20:47:28","guid":{"rendered":"https:\/\/www.novaextermination.com\/contact-us\/"},"modified":"2022-03-09T11:54:55","modified_gmt":"2022-03-09T16:54:55","slug":"contact-us","status":"publish","type":"page","link":"https:\/\/www.novaextermination.com\/en\/contact\/","title":{"rendered":"Contact us"},"content":{"rendered":"","protected":false},"excerpt":{"rendered":"","protected":false},"author":4,"featured_media":2801,"parent":0,"menu_order":0,"comment_status":"closed","ping_status":"closed","template":"","meta":{"_acf_changed":false,"_seopress_robots_primary_cat":"","_seopress_titles_title":"","_seopress_titles_desc":"","_seopress_robots_index":"","yasr_overall_rating":0,"yasr_post_is_review":"","yasr_auto_insert_disabled":"","yasr_review_type":"","footnotes":""},"type_page":[47],"class_list":["post-3139","page","type-page","status-publish","has-post-thumbnail","hentry","type_page-contact"],"acf":[],"yoast_head":"<!-- This site is optimized with the Yoast SEO plugin v27.2 - https:\/\/yoast.com\/product\/yoast-seo-wordpress\/ -->\n<title>Exterminator on the Southern Shore | Nova Extermination<\/title>\n<meta name=\"description\" content=\"Contactez l&#039;\u00e9quipe de confiance pour mettre fin \u00e0 votre probl\u00e8me pour de bon! Nova Extermination: exterminateur de rongeurs et d&#039;insectes et contr\u00f4le d&#039;animaux ind\u00e9sirables sur la Rive-Sud.\" \/>\n<meta name=\"robots\" content=\"index, follow, max-snippet:-1, max-image-preview:large, max-video-preview:-1\" \/>\n<link rel=\"canonical\" href=\"https:\/\/www.novaextermination.com\/en\/contact\/\" \/>\n<meta property=\"og:locale\" content=\"en_US\" \/>\n<meta property=\"og:type\" content=\"article\" \/>\n<meta property=\"og:title\" content=\"Exterminator on the Southern Shore | Nova Extermination\" \/>\n<meta property=\"og:description\" content=\"Contactez l&#039;\u00e9quipe de confiance pour mettre fin \u00e0 votre probl\u00e8me pour de bon! Nova Extermination: exterminateur de rongeurs et d&#039;insectes et contr\u00f4le d&#039;animaux ind\u00e9sirables sur la Rive-Sud.\" \/>\n<meta property=\"og:url\" content=\"https:\/\/www.novaextermination.com\/en\/contact\/\" \/>\n<meta property=\"og:site_name\" content=\"Nova Extermination\" \/>\n<meta property=\"article:publisher\" content=\"https:\/\/www.facebook.com\/novaextermination\/\" \/>\n<meta property=\"article:modified_time\" content=\"2022-03-09T16:54:55+00:00\" \/>\n<meta property=\"og:image\" content=\"https:\/\/www.novaextermination.com\/wp-content\/uploads\/2022\/01\/Exterminateur-longueuil-et-rive-sud.jpg\" \/>\n\t<meta property=\"og:image:width\" content=\"1920\" \/>\n\t<meta property=\"og:image:height\" content=\"767\" \/>\n\t<meta property=\"og:image:type\" content=\"image\/jpeg\" \/>\n<meta name=\"twitter:card\" content=\"summary_large_image\" \/>\n<script type=\"application\/ld+json\" class=\"yoast-schema-graph\">{\"@context\":\"https:\/\/schema.org\",\"@graph\":[{\"@type\":\"WebPage\",\"@id\":\"https:\/\/www.novaextermination.com\/en\/contact\/\",\"url\":\"https:\/\/www.novaextermination.com\/en\/contact\/\",\"name\":\"Exterminator on the Southern Shore | Nova Extermination\",\"isPartOf\":{\"@id\":\"https:\/\/www.novaextermination.com\/en\/#website\"},\"primaryImageOfPage\":{\"@id\":\"https:\/\/www.novaextermination.com\/en\/contact\/#primaryimage\"},\"image\":{\"@id\":\"https:\/\/www.novaextermination.com\/en\/contact\/#primaryimage\"},\"thumbnailUrl\":\"https:\/\/www.novaextermination.com\/wp-content\/uploads\/2022\/01\/Exterminateur-longueuil-et-rive-sud.jpg\",\"datePublished\":\"2020-04-17T20:47:28+00:00\",\"dateModified\":\"2022-03-09T16:54:55+00:00\",\"description\":\"Contactez l'\u00e9quipe de confiance pour mettre fin \u00e0 votre probl\u00e8me pour de bon! Nova Extermination: exterminateur de rongeurs et d'insectes et contr\u00f4le d'animaux ind\u00e9sirables sur la Rive-Sud.\",\"breadcrumb\":{\"@id\":\"https:\/\/www.novaextermination.com\/en\/contact\/#breadcrumb\"},\"inLanguage\":\"en-CA\",\"potentialAction\":[{\"@type\":\"ReadAction\",\"target\":[\"https:\/\/www.novaextermination.com\/en\/contact\/\"]}]},{\"@type\":\"ImageObject\",\"inLanguage\":\"en-CA\",\"@id\":\"https:\/\/www.novaextermination.com\/en\/contact\/#primaryimage\",\"url\":\"https:\/\/www.novaextermination.com\/wp-content\/uploads\/2022\/01\/Exterminateur-longueuil-et-rive-sud.jpg\",\"contentUrl\":\"https:\/\/www.novaextermination.com\/wp-content\/uploads\/2022\/01\/Exterminateur-longueuil-et-rive-sud.jpg\",\"width\":1920,\"height\":767},{\"@type\":\"BreadcrumbList\",\"@id\":\"https:\/\/www.novaextermination.com\/en\/contact\/#breadcrumb\",\"itemListElement\":[{\"@type\":\"ListItem\",\"position\":1,\"name\":\"Home\",\"item\":\"https:\/\/www.novaextermination.com\/en\/\"},{\"@type\":\"ListItem\",\"position\":2,\"name\":\"Contact us\"}]},{\"@type\":\"WebSite\",\"@id\":\"https:\/\/www.novaextermination.com\/en\/#website\",\"url\":\"https:\/\/www.novaextermination.com\/en\/\",\"name\":\"Nova Extermination\",\"description\":\"Exterminateur d&#039;insectes, de rongeurs et d&#039;animaux sur la Rive sud de Montr\u00e9al\",\"publisher\":{\"@id\":\"https:\/\/www.novaextermination.com\/en\/#organization\"},\"potentialAction\":[{\"@type\":\"SearchAction\",\"target\":{\"@type\":\"EntryPoint\",\"urlTemplate\":\"https:\/\/www.novaextermination.com\/en\/?s={search_term_string}\"},\"query-input\":{\"@type\":\"PropertyValueSpecification\",\"valueRequired\":true,\"valueName\":\"search_term_string\"}}],\"inLanguage\":\"en-CA\"},{\"@type\":\"Organization\",\"@id\":\"https:\/\/www.novaextermination.com\/en\/#organization\",\"name\":\"Nova Extermination\",\"url\":\"https:\/\/www.novaextermination.com\/en\/\",\"logo\":{\"@type\":\"ImageObject\",\"inLanguage\":\"en-CA\",\"@id\":\"https:\/\/www.novaextermination.com\/en\/#\/schema\/logo\/image\/\",\"url\":\"https:\/\/www.novaextermination.com\/wp-content\/uploads\/2021\/06\/novaLogo.png\",\"contentUrl\":\"https:\/\/www.novaextermination.com\/wp-content\/uploads\/2021\/06\/novaLogo.png\",\"width\":175,\"height\":72,\"caption\":\"Nova Extermination\"},\"image\":{\"@id\":\"https:\/\/www.novaextermination.com\/en\/#\/schema\/logo\/image\/\"},\"sameAs\":[\"https:\/\/www.facebook.com\/novaextermination\/\"]},false]}<\/script>\n<!-- \/ Yoast SEO plugin. -->","yoast_head_json":{"title":"Exterminator on the Southern Shore | Nova Extermination","description":"Contactez l'\u00e9quipe de confiance pour mettre fin \u00e0 votre probl\u00e8me pour de bon! Nova Extermination: exterminateur de rongeurs et d'insectes et contr\u00f4le d'animaux ind\u00e9sirables sur la Rive-Sud.","robots":{"index":"index","follow":"follow","max-snippet":"max-snippet:-1","max-image-preview":"max-image-preview:large","max-video-preview":"max-video-preview:-1"},"canonical":"https:\/\/www.novaextermination.com\/en\/contact\/","og_locale":"en_US","og_type":"article","og_title":"Exterminator on the Southern Shore | Nova Extermination","og_description":"Contactez l'\u00e9quipe de confiance pour mettre fin \u00e0 votre probl\u00e8me pour de bon! Nova Extermination: exterminateur de rongeurs et d'insectes et contr\u00f4le d'animaux ind\u00e9sirables sur la Rive-Sud.","og_url":"https:\/\/www.novaextermination.com\/en\/contact\/","og_site_name":"Nova Extermination","article_publisher":"https:\/\/www.facebook.com\/novaextermination\/","article_modified_time":"2022-03-09T16:54:55+00:00","og_image":[{"width":1920,"height":767,"url":"https:\/\/www.novaextermination.com\/wp-content\/uploads\/2022\/01\/Exterminateur-longueuil-et-rive-sud.jpg","type":"image\/jpeg"}],"twitter_card":"summary_large_image","schema":{"@context":"https:\/\/schema.org","@graph":[{"@type":"WebPage","@id":"https:\/\/www.novaextermination.com\/en\/contact\/","url":"https:\/\/www.novaextermination.com\/en\/contact\/","name":"Exterminator on the Southern Shore | Nova Extermination","isPartOf":{"@id":"https:\/\/www.novaextermination.com\/en\/#website"},"primaryImageOfPage":{"@id":"https:\/\/www.novaextermination.com\/en\/contact\/#primaryimage"},"image":{"@id":"https:\/\/www.novaextermination.com\/en\/contact\/#primaryimage"},"thumbnailUrl":"https:\/\/www.novaextermination.com\/wp-content\/uploads\/2022\/01\/Exterminateur-longueuil-et-rive-sud.jpg","datePublished":"2020-04-17T20:47:28+00:00","dateModified":"2022-03-09T16:54:55+00:00","description":"Contactez l'\u00e9quipe de confiance pour mettre fin \u00e0 votre probl\u00e8me pour de bon! Nova Extermination: exterminateur de rongeurs et d'insectes et contr\u00f4le d'animaux ind\u00e9sirables sur la Rive-Sud.","breadcrumb":{"@id":"https:\/\/www.novaextermination.com\/en\/contact\/#breadcrumb"},"inLanguage":"en-CA","potentialAction":[{"@type":"ReadAction","target":["https:\/\/www.novaextermination.com\/en\/contact\/"]}]},{"@type":"ImageObject","inLanguage":"en-CA","@id":"https:\/\/www.novaextermination.com\/en\/contact\/#primaryimage","url":"https:\/\/www.novaextermination.com\/wp-content\/uploads\/2022\/01\/Exterminateur-longueuil-et-rive-sud.jpg","contentUrl":"https:\/\/www.novaextermination.com\/wp-content\/uploads\/2022\/01\/Exterminateur-longueuil-et-rive-sud.jpg","width":1920,"height":767},{"@type":"BreadcrumbList","@id":"https:\/\/www.novaextermination.com\/en\/contact\/#breadcrumb","itemListElement":[{"@type":"ListItem","position":1,"name":"Home","item":"https:\/\/www.novaextermination.com\/en\/"},{"@type":"ListItem","position":2,"name":"Contact us"}]},{"@type":"WebSite","@id":"https:\/\/www.novaextermination.com\/en\/#website","url":"https:\/\/www.novaextermination.com\/en\/","name":"Nova Extermination","description":"Exterminateur d&#039;insectes, de rongeurs et d&#039;animaux sur la Rive sud de Montr\u00e9al","publisher":{"@id":"https:\/\/www.novaextermination.com\/en\/#organization"},"potentialAction":[{"@type":"SearchAction","target":{"@type":"EntryPoint","urlTemplate":"https:\/\/www.novaextermination.com\/en\/?s={search_term_string}"},"query-input":{"@type":"PropertyValueSpecification","valueRequired":true,"valueName":"search_term_string"}}],"inLanguage":"en-CA"},{"@type":"Organization","@id":"https:\/\/www.novaextermination.com\/en\/#organization","name":"Nova Extermination","url":"https:\/\/www.novaextermination.com\/en\/","logo":{"@type":"ImageObject","inLanguage":"en-CA","@id":"https:\/\/www.novaextermination.com\/en\/#\/schema\/logo\/image\/","url":"https:\/\/www.novaextermination.com\/wp-content\/uploads\/2021\/06\/novaLogo.png","contentUrl":"https:\/\/www.novaextermination.com\/wp-content\/uploads\/2021\/06\/novaLogo.png","width":175,"height":72,"caption":"Nova Extermination"},"image":{"@id":"https:\/\/www.novaextermination.com\/en\/#\/schema\/logo\/image\/"},"sameAs":["https:\/\/www.facebook.com\/novaextermination\/"]},false]}},"yasr_visitor_votes":{"stars_attributes":{"read_only":false,"span_bottom":false},"number_of_votes":0,"sum_votes":0},"_links":{"self":[{"href":"https:\/\/www.novaextermination.com\/en\/wp-json\/wp\/v2\/pages\/3139","targetHints":{"allow":["GET"]}}],"collection":[{"href":"https:\/\/www.novaextermination.com\/en\/wp-json\/wp\/v2\/pages"}],"about":[{"href":"https:\/\/www.novaextermination.com\/en\/wp-json\/wp\/v2\/types\/page"}],"author":[{"embeddable":true,"href":"https:\/\/www.novaextermination.com\/en\/wp-json\/wp\/v2\/users\/4"}],"replies":[{"embeddable":true,"href":"https:\/\/www.novaextermination.com\/en\/wp-json\/wp\/v2\/comments?post=3139"}],"version-history":[{"count":0,"href":"https:\/\/www.novaextermination.com\/en\/wp-json\/wp\/v2\/pages\/3139\/revisions"}],"wp:featuredmedia":[{"embeddable":true,"href":"https:\/\/www.novaextermination.com\/en\/wp-json\/wp\/v2\/media\/2801"}],"wp:attachment":[{"href":"https:\/\/www.novaextermination.com\/en\/wp-json\/wp\/v2\/media?parent=3139"}],"wp:term":[{"taxonomy":"type_page","embeddable":true,"href":"https:\/\/www.novaextermination.com\/en\/wp-json\/wp\/v2\/type_page?post=3139"}],"curies":[{"name":"wp","href":"https:\/\/api.w.org\/{rel}","templated":true}]}}